{"id":31,"date":"2017-01-23T10:44:35","date_gmt":"2017-01-23T09:44:35","guid":{"rendered":"http:\/\/www.espc.be\/?page_id=31"},"modified":"2017-09-27T15:48:00","modified_gmt":"2017-09-27T13:48:00","slug":"drone","status":"publish","type":"page","link":"https:\/\/www.espc.be\/index.php\/drone\/","title":{"rendered":"Drone"},"content":{"rendered":"<p><strong><span style=\"text-decoration: underline;\">Prise de vue a\u00e9rienne photo et vid\u00e9o par drone<\/span><\/strong><\/p>\n<p>Nouveaut\u00e9,<\/p>\n<p>Envie d&rsquo;enrichir votre espace web de nouvelle photos a\u00e9riennes, de vid\u00e9o de mise en valeur de votre entreprise ?<\/p>\n<p>ESPC a la solution , des photos , vid\u00e9os de votre commerce , entreprise, manifestation,&#8230;<\/p>\n<p><img loading=\"lazy\" decoding=\"async\" class=\"size-medium wp-image-33 img-responsive\" src=\"http:\/\/www.espc.be\/wp-content\/uploads\/2017\/01\/DJI_0018-300x225.jpg\" alt=\"DCIM100MEDIADJI_0018.JPG\" width=\"300\" height=\"225\" srcset=\"https:\/\/www.espc.be\/wp-content\/uploads\/2017\/01\/DJI_0018-300x225.jpg 300w, https:\/\/www.espc.be\/wp-content\/uploads\/2017\/01\/DJI_0018-768x576.jpg 768w, https:\/\/www.espc.be\/wp-content\/uploads\/2017\/01\/DJI_0018-1024x768.jpg 1024w\" sizes=\"(max-width: 300px) 100vw, 300px\" \/><\/p>\n<p><img loading=\"lazy\" decoding=\"async\" class=\"size-medium wp-image-61 img-responsive\" src=\"http:\/\/www.espc.be\/wp-content\/uploads\/2017\/01\/DJI_0008-300x169.jpg\" alt=\"DCIM100MEDIADJI_0008.JPG\" width=\"300\" height=\"169\" srcset=\"https:\/\/www.espc.be\/wp-content\/uploads\/2017\/01\/DJI_0008-300x169.jpg 300w, https:\/\/www.espc.be\/wp-content\/uploads\/2017\/01\/DJI_0008-768x432.jpg 768w, https:\/\/www.espc.be\/wp-content\/uploads\/2017\/01\/DJI_0008-1024x576.jpg 1024w\" sizes=\"(max-width: 300px) 100vw, 300px\" \/><\/p>\n","protected":false},"excerpt":{"rendered":"<p>Prise de vue a\u00e9rienne photo et vid\u00e9o par drone Nouveaut\u00e9, Envie d&rsquo;enrichir votre espace web de nouvelle photos a\u00e9riennes, de vid\u00e9o de mise en valeur de votre entreprise ? ESPC a la solution , des photos , vid\u00e9os de votre commerce , entreprise, manifestation,&#8230;<\/p>\n","protected":false},"author":1,"featured_media":0,"parent":0,"menu_order":0,"comment_status":"closed","ping_status":"closed","template":"","meta":{"footnotes":""},"_links":{"self":[{"href":"https:\/\/www.espc.be\/index.php\/wp-json\/wp\/v2\/pages\/31"}],"collection":[{"href":"https:\/\/www.espc.be\/index.php\/wp-json\/wp\/v2\/pages"}],"about":[{"href":"https:\/\/www.espc.be\/index.php\/wp-json\/wp\/v2\/types\/page"}],"author":[{"embeddable":true,"href":"https:\/\/www.espc.be\/index.php\/wp-json\/wp\/v2\/users\/1"}],"replies":[{"embeddable":true,"href":"https:\/\/www.espc.be\/index.php\/wp-json\/wp\/v2\/comments?post=31"}],"version-history":[{"count":5,"href":"https:\/\/www.espc.be\/index.php\/wp-json\/wp\/v2\/pages\/31\/revisions"}],"predecessor-version":[{"id":65,"href":"https:\/\/www.espc.be\/index.php\/wp-json\/wp\/v2\/pages\/31\/revisions\/65"}],"wp:attachment":[{"href":"https:\/\/www.espc.be\/index.php\/wp-json\/wp\/v2\/media?parent=31"}],"curies":[{"name":"wp","href":"https:\/\/api.w.org\/{rel}","templated":true}]}}