{"id":37,"date":"2017-01-23T11:22:08","date_gmt":"2017-01-23T10:22:08","guid":{"rendered":"http:\/\/www.espc.be\/?page_id=37"},"modified":"2023-12-06T15:28:32","modified_gmt":"2023-12-06T14:28:32","slug":"domicile","status":"publish","type":"page","link":"https:\/\/www.espc.be\/index.php\/domicile\/","title":{"rendered":"D\u00e9pannage \u00e0 Domicile"},"content":{"rendered":"\n<figure class=\"wp-block-image size-full\"><img loading=\"lazy\" decoding=\"async\" width=\"275\" height=\"183\" src=\"https:\/\/www.espc.be\/wp-content\/uploads\/2023\/12\/securite.jpg\" alt=\"\" class=\"wp-image-80 img-responsive\"\/><\/figure>\n\n\n<p>Pas de possibilit\u00e9 pour vous de vous d\u00e9placer ?<\/p>\n<p>ESPC se d\u00e9place \u00e0 votre domicile, si le pc n&rsquo;est pas r\u00e9parable sur place , nous le reprenons dans nos ateliers.<\/p>\n<p>Quand le pc est r\u00e9parer nous convenons d&rsquo;un rendez-vous pour la remise en place du PC<\/p>\n<p>&nbsp;<\/p>","protected":false},"excerpt":{"rendered":"<p>Pas de possibilit\u00e9 pour vous de vous d\u00e9placer ? ESPC se d\u00e9place \u00e0 votre domicile, si le pc n&rsquo;est pas r\u00e9parable sur place , nous le reprenons dans nos ateliers. Quand le pc est r\u00e9parer nous convenons d&rsquo;un rendez-vous pour la remise en place du PC &nbsp;<\/p>\n","protected":false},"author":1,"featured_media":0,"parent":0,"menu_order":0,"comment_status":"closed","ping_status":"closed","template":"","meta":{"footnotes":""},"_links":{"self":[{"href":"https:\/\/www.espc.be\/index.php\/wp-json\/wp\/v2\/pages\/37"}],"collection":[{"href":"https:\/\/www.espc.be\/index.php\/wp-json\/wp\/v2\/pages"}],"about":[{"href":"https:\/\/www.espc.be\/index.php\/wp-json\/wp\/v2\/types\/page"}],"author":[{"embeddable":true,"href":"https:\/\/www.espc.be\/index.php\/wp-json\/wp\/v2\/users\/1"}],"replies":[{"embeddable":true,"href":"https:\/\/www.espc.be\/index.php\/wp-json\/wp\/v2\/comments?post=37"}],"version-history":[{"count":3,"href":"https:\/\/www.espc.be\/index.php\/wp-json\/wp\/v2\/pages\/37\/revisions"}],"predecessor-version":[{"id":87,"href":"https:\/\/www.espc.be\/index.php\/wp-json\/wp\/v2\/pages\/37\/revisions\/87"}],"wp:attachment":[{"href":"https:\/\/www.espc.be\/index.php\/wp-json\/wp\/v2\/media?parent=37"}],"curies":[{"name":"wp","href":"https:\/\/api.w.org\/{rel}","templated":true}]}}