{"id":39,"date":"2017-01-23T11:23:34","date_gmt":"2017-01-23T10:23:34","guid":{"rendered":"http:\/\/www.espc.be\/?page_id=39"},"modified":"2023-12-06T15:28:06","modified_gmt":"2023-12-06T14:28:06","slug":"atelier","status":"publish","type":"page","link":"https:\/\/www.espc.be\/index.php\/atelier\/","title":{"rendered":"D\u00e9pannage en Atelier"},"content":{"rendered":"\n<figure class=\"wp-block-image size-full is-resized\"><img loading=\"lazy\" decoding=\"async\" width=\"268\" height=\"188\" src=\"https:\/\/www.espc.be\/wp-content\/uploads\/2023\/12\/reparation.jpg\" alt=\"\" class=\"wp-image-79 img-responsive\" style=\"width:324px;height:auto\"\/><\/figure>\n\n\n<p>Vous pouvez vous d\u00e9placer dans notre atelier avec votre PC ( veuillez svp t\u00e9l\u00e9phoner avant votre passage )<\/p>\n<p>Nous r\u00e9parons votre ordinateur et nous vous contactons pour fixer une date de reprise de votre machine.<\/p>","protected":false},"excerpt":{"rendered":"<p>Vous pouvez vous d\u00e9placer dans notre atelier avec votre PC ( veuillez svp t\u00e9l\u00e9phoner avant votre passage ) Nous r\u00e9parons votre ordinateur et nous vous contactons pour fixer une date de reprise de votre machine.<\/p>\n","protected":false},"author":1,"featured_media":0,"parent":0,"menu_order":0,"comment_status":"closed","ping_status":"closed","template":"","meta":{"footnotes":""},"_links":{"self":[{"href":"https:\/\/www.espc.be\/index.php\/wp-json\/wp\/v2\/pages\/39"}],"collection":[{"href":"https:\/\/www.espc.be\/index.php\/wp-json\/wp\/v2\/pages"}],"about":[{"href":"https:\/\/www.espc.be\/index.php\/wp-json\/wp\/v2\/types\/page"}],"author":[{"embeddable":true,"href":"https:\/\/www.espc.be\/index.php\/wp-json\/wp\/v2\/users\/1"}],"replies":[{"embeddable":true,"href":"https:\/\/www.espc.be\/index.php\/wp-json\/wp\/v2\/comments?post=39"}],"version-history":[{"count":4,"href":"https:\/\/www.espc.be\/index.php\/wp-json\/wp\/v2\/pages\/39\/revisions"}],"predecessor-version":[{"id":86,"href":"https:\/\/www.espc.be\/index.php\/wp-json\/wp\/v2\/pages\/39\/revisions\/86"}],"wp:attachment":[{"href":"https:\/\/www.espc.be\/index.php\/wp-json\/wp\/v2\/media?parent=39"}],"curies":[{"name":"wp","href":"https:\/\/api.w.org\/{rel}","templated":true}]}}