{"id":5,"date":"2016-10-11T17:00:18","date_gmt":"2016-10-11T15:00:18","guid":{"rendered":"http:\/\/www.espc.be\/?page_id=5"},"modified":"2023-12-06T15:26:52","modified_gmt":"2023-12-06T14:26:52","slug":"accueil","status":"publish","type":"page","link":"https:\/\/www.espc.be\/","title":{"rendered":"Accueil"},"content":{"rendered":"<p>Bienvenue sur le site d&rsquo;Express Solution PC,<\/p>\n<p>Vous avez un probl\u00e8me avec votre ordinateur , n&rsquo;h\u00e9sitez pas contactez nous.<\/p>\n<p>Nous proposons plusieurs services de <strong><span style=\"text-decoration: underline;\">d\u00e9pannages informatiques<\/span><\/strong>.<\/p>\n<p>\u00a0<\/p>\n<p><strong><span style=\"text-decoration: underline;\">NOUVEAU<\/span><\/strong> nous proposons maintenant la prise de vue a\u00e9rienne via un <a href=\"http:\/\/www.espc.be\/index.php\/drone\/\"><strong>drone<\/strong><\/a>.<\/p>\n<p>Vid\u00e9o de vos \u00e9v\u00e9nements , manifestations , Ventes d&rsquo;un bien immobilier .<\/p>\n\n\n<div class=\"wp-block-media-text is-stacked-on-mobile is-image-fill\"><figure class=\"wp-block-media-text__media\" style=\"background-image:url(https:\/\/www.espc.be\/wp-content\/uploads\/2023\/12\/support.jpg);background-position:50% 50%\"><img loading=\"lazy\" decoding=\"async\" width=\"275\" height=\"183\" src=\"https:\/\/www.espc.be\/wp-content\/uploads\/2023\/12\/support.jpg\" alt=\"\" class=\"wp-image-78 size-full img-responsive\"\/><\/figure><div class=\"wp-block-media-text__content\">\n<p class=\"has-text-align-center\"><em>Le support informatique<\/em><\/p>\n\n\n\n<p>Notre \u00e9quipe d&rsquo;expert informatiques r\u00e9sout tous vos probl\u00e8mes informatique support \u00e0 distance ou dans notre atelier.<\/p>\n<\/div><\/div>\n\n\n\n<div class=\"wp-block-media-text is-stacked-on-mobile is-image-fill\"><figure class=\"wp-block-media-text__media\" style=\"background-image:url(https:\/\/www.espc.be\/wp-content\/uploads\/2023\/12\/voip.jpg);background-position:50% 50%\"><img loading=\"lazy\" decoding=\"async\" width=\"256\" height=\"197\" src=\"https:\/\/www.espc.be\/wp-content\/uploads\/2023\/12\/voip.jpg\" alt=\"\" class=\"wp-image-82 size-full img-responsive\"\/><\/figure><div class=\"wp-block-media-text__content\">\n<p class=\"has-text-align-center\"><em>VOIP<\/em><\/p>\n\n\n\n<p>La Voip est devenu la norme en termes de communication d&rsquo;entreprise, nous pouvons mettre en place une structure Voip facile et performante<\/p>\n<\/div><\/div>\n\n\n\n<div class=\"wp-block-media-text is-stacked-on-mobile is-image-fill\"><figure class=\"wp-block-media-text__media\" style=\"background-image:url(https:\/\/www.espc.be\/wp-content\/uploads\/2023\/12\/reparation.jpg);background-position:50% 50%\"><img loading=\"lazy\" decoding=\"async\" width=\"268\" height=\"188\" src=\"https:\/\/www.espc.be\/wp-content\/uploads\/2023\/12\/reparation.jpg\" alt=\"\" class=\"wp-image-79 size-full img-responsive\"\/><\/figure><div class=\"wp-block-media-text__content\">\n<p class=\"has-text-align-center\">La r\u00e9paration\/maintenance<\/p>\n\n\n\n<p>Notre \u00e9quipe est disponible pour toute r\u00e9paration  \/ upgrade de votre mat\u00e9riel informatique<\/p>\n<\/div><\/div>\n\n\n\n<div class=\"wp-block-media-text is-stacked-on-mobile is-image-fill\"><figure class=\"wp-block-media-text__media\" style=\"background-image:url(https:\/\/www.espc.be\/wp-content\/uploads\/2023\/12\/securite.jpg);background-position:50% 50%\"><img loading=\"lazy\" decoding=\"async\" width=\"275\" height=\"183\" src=\"https:\/\/www.espc.be\/wp-content\/uploads\/2023\/12\/securite.jpg\" alt=\"\" class=\"wp-image-80 size-full img-responsive\"\/><\/figure><div class=\"wp-block-media-text__content\">\n<p class=\"has-text-align-center\"><em>S\u00e9curisation<\/em><\/p>\n\n\n\n<p>La s\u00e9curit\u00e9 est devenus un enjeu majeur dans l&rsquo;informatique , nous pouvons r\u00e9fl\u00e9chir ensemble pour am\u00e9liorer votre s\u00e9curit\u00e9<\/p>\n<\/div><\/div>\n\n\n\n<div class=\"wp-block-media-text is-stacked-on-mobile is-image-fill\"><figure class=\"wp-block-media-text__media\" style=\"background-image:url(https:\/\/www.espc.be\/wp-content\/uploads\/2023\/12\/reseaux.jpg);background-position:50% 50%\"><img loading=\"lazy\" decoding=\"async\" width=\"318\" height=\"159\" src=\"https:\/\/www.espc.be\/wp-content\/uploads\/2023\/12\/reseaux.jpg\" alt=\"\" class=\"wp-image-81 size-full img-responsive\" srcset=\"https:\/\/www.espc.be\/wp-content\/uploads\/2023\/12\/reseaux.jpg 318w, https:\/\/www.espc.be\/wp-content\/uploads\/2023\/12\/reseaux-300x150.jpg 300w\" sizes=\"(max-width: 318px) 100vw, 318px\" \/><\/figure><div class=\"wp-block-media-text__content\">\n<p class=\"has-text-align-center\"><em>R\u00e9seau LAN \/ WAN<\/em><\/p>\n\n\n\n<p>L&rsquo;impl\u00e9mentation d&rsquo;un nouveau r\u00e9seau informatique doit \u00eatre un socle solide pour votre structure informatique.<\/p>\n<\/div><\/div>\n","protected":false},"excerpt":{"rendered":"<p>Bienvenue sur le site d&rsquo;Express Solution PC, Vous avez un probl\u00e8me avec votre ordinateur , n&rsquo;h\u00e9sitez pas contactez nous. Nous proposons plusieurs services de d\u00e9pannages informatiques. \u00a0 NOUVEAU nous proposons maintenant la prise de vue a\u00e9rienne via un drone. Vid\u00e9o de vos \u00e9v\u00e9nements , manifestations , Ventes d&rsquo;un bien immobilier . Le support informatique Notre &#8230; <a href=\"https:\/\/www.espc.be\/\" class=\"more-link text-uppercase small\"><strong>Continue Reading<\/strong> <i class=\"fa fa-angle-double-right\" aria-hidden=\"true\"><\/i><\/a><\/p>\n","protected":false},"author":1,"featured_media":0,"parent":0,"menu_order":0,"comment_status":"closed","ping_status":"closed","template":"","meta":{"footnotes":""},"_links":{"self":[{"href":"https:\/\/www.espc.be\/index.php\/wp-json\/wp\/v2\/pages\/5"}],"collection":[{"href":"https:\/\/www.espc.be\/index.php\/wp-json\/wp\/v2\/pages"}],"about":[{"href":"https:\/\/www.espc.be\/index.php\/wp-json\/wp\/v2\/types\/page"}],"author":[{"embeddable":true,"href":"https:\/\/www.espc.be\/index.php\/wp-json\/wp\/v2\/users\/1"}],"replies":[{"embeddable":true,"href":"https:\/\/www.espc.be\/index.php\/wp-json\/wp\/v2\/comments?post=5"}],"version-history":[{"count":11,"href":"https:\/\/www.espc.be\/index.php\/wp-json\/wp\/v2\/pages\/5\/revisions"}],"predecessor-version":[{"id":85,"href":"https:\/\/www.espc.be\/index.php\/wp-json\/wp\/v2\/pages\/5\/revisions\/85"}],"wp:attachment":[{"href":"https:\/\/www.espc.be\/index.php\/wp-json\/wp\/v2\/media?parent=5"}],"curies":[{"name":"wp","href":"https:\/\/api.w.org\/{rel}","templated":true}]}}